{"id":6,"date":"2006-01-20T18:36:25","date_gmt":"2006-01-20T18:36:25","guid":{"rendered":"http:\/\/www.mariovaldez.net\/webapps\/blog\/acerca-de-about\/"},"modified":"2006-01-20T18:40:05","modified_gmt":"2006-01-20T18:40:05","slug":"acerca-de-about","status":"publish","type":"page","link":"https:\/\/www.mariovaldez.net\/webapps\/blog\/acerca-de-about\/","title":{"rendered":"Acerca de&#8230; | About&#8230;"},"content":{"rendered":"<p><strong>Espa\u00f1ol:<\/strong><\/p>\n<p>Este blog est\u00e1 relleno de palabras agrupadas por Mario A. Valdez-Ram\u00edrez. A falta de espacios para expresarse (excepto por sus foros de discusi\u00f3n) Mario decidi\u00f3 probar suerte con este blog.<\/p>\n<p>Como sea, este contenido es copyright por Mario A. Valdez-Ram\u00edrez.     Algunas porciones son propiedad intelectual de otras personas.     Tambi\u00e9n tome en cuenta que algunos documentos contienen im\u00e1genes con copyright de sus respectivos propietarios.<\/p>\n<p>El contenido de este blog NO es consejo m\u00e9dico. Puede contener errores. Puede estar desactualizado. Todo es publicado como est\u00e1, sin ninguna garant\u00eda.<\/p>\n<p><strong>English:<\/strong><\/p>\n<p>This blog is filled with grouped words by Mario A. Valdez-Ramirez. Because of the lack of spaces for expression (excepting his web forums) Mario decided try his luck with this blog.<\/p>\n<p>Whatever, this content is copyright by Mario A. Valdez-Ram\u00edrez.     Some portions are copyrighted by someone else.     Also note that some documents contains images that are copyrighted by their respective owners.<\/p>\n<p>The content of this blog is NOT medical advise. It may contain errors. It may be outdated. Everything is distributed as is, without any warranty.<\/p>\n","protected":false},"excerpt":{"rendered":"<p>Espa\u00f1ol: Este blog est\u00e1 relleno de palabras agrupadas por Mario A. Valdez-Ram\u00edrez. A falta de espacios para expresarse (excepto por sus foros de discusi\u00f3n) Mario decidi\u00f3 probar suerte con este blog. Como sea, este contenido es copyright por Mario A. Valdez-Ram\u00edrez. Algunas porciones son propiedad intelectual de otras personas. Tambi\u00e9n tome en cuenta que algunos [&hellip;]<\/p>\n","protected":false},"author":2,"featured_media":0,"parent":0,"menu_order":0,"comment_status":"closed","ping_status":"closed","template":"","meta":{"footnotes":""},"class_list":["post-6","page","type-page","status-publish","hentry"],"_links":{"self":[{"href":"https:\/\/www.mariovaldez.net\/webapps\/blog\/wp-json\/wp\/v2\/pages\/6","targetHints":{"allow":["GET"]}}],"collection":[{"href":"https:\/\/www.mariovaldez.net\/webapps\/blog\/wp-json\/wp\/v2\/pages"}],"about":[{"href":"https:\/\/www.mariovaldez.net\/webapps\/blog\/wp-json\/wp\/v2\/types\/page"}],"author":[{"embeddable":true,"href":"https:\/\/www.mariovaldez.net\/webapps\/blog\/wp-json\/wp\/v2\/users\/2"}],"replies":[{"embeddable":true,"href":"https:\/\/www.mariovaldez.net\/webapps\/blog\/wp-json\/wp\/v2\/comments?post=6"}],"version-history":[{"count":0,"href":"https:\/\/www.mariovaldez.net\/webapps\/blog\/wp-json\/wp\/v2\/pages\/6\/revisions"}],"wp:attachment":[{"href":"https:\/\/www.mariovaldez.net\/webapps\/blog\/wp-json\/wp\/v2\/media?parent=6"}],"curies":[{"name":"wp","href":"https:\/\/api.w.org\/{rel}","templated":true}]}}